{"id":28,"date":"2025-02-04T18:00:07","date_gmt":"2025-02-04T17:00:07","guid":{"rendered":"http:\/\/localhost\/brice\/?page_id=28"},"modified":"2026-03-13T18:31:21","modified_gmt":"2026-03-13T17:31:21","slug":"les-services","status":"publish","type":"page","link":"https:\/\/www.brice-baules.fr\/index.php\/les-services\/","title":{"rendered":"Les services"},"content":{"rendered":"\t\t<div data-elementor-type=\"wp-page\" data-elementor-id=\"28\" class=\"elementor elementor-28\">\n\t\t\t\t<div class=\"elementor-element elementor-element-ed0e886 e-flex e-con-boxed e-con e-parent\" data-id=\"ed0e886\" data-element_type=\"container\" data-e-type=\"container\">\n\t\t\t\t\t<div class=\"e-con-inner\">\n\t\t\t\t<div class=\"elementor-element elementor-element-bb65323 elementor-widget elementor-widget-heading\" data-id=\"bb65323\" data-element_type=\"widget\" data-e-type=\"widget\" data-widget_type=\"heading.default\">\n\t\t\t\t<div class=\"elementor-widget-container\">\n\t\t\t\t\t<h2 class=\"elementor-heading-title elementor-size-default\">Ajoutez votre titre ici<\/h2>\t\t\t\t<\/div>\n\t\t\t\t<\/div>\n\t\t\t\t\t<\/div>\n\t\t\t\t<\/div>\n\t\t<div class=\"elementor-element elementor-element-b3a9a5f e-flex e-con-boxed e-con e-parent\" data-id=\"b3a9a5f\" data-element_type=\"container\" data-e-type=\"container\">\n\t\t\t\t\t<div class=\"e-con-inner\">\n\t\t\t\t<div class=\"elementor-element elementor-element-2db8dc8 elementor-widget elementor-widget-heading\" data-id=\"2db8dc8\" data-element_type=\"widget\" data-e-type=\"widget\" data-widget_type=\"heading.default\">\n\t\t\t\t<div class=\"elementor-widget-container\">\n\t\t\t\t\t<h2 class=\"elementor-heading-title elementor-size-default\">Les services<\/h2>\t\t\t\t<\/div>\n\t\t\t\t<\/div>\n\t\t\t\t\t<\/div>\n\t\t\t\t<\/div>\n\t\t<div class=\"elementor-element elementor-element-6471380a e-con-full e-flex e-con e-parent\" data-id=\"6471380a\" data-element_type=\"container\" data-e-type=\"container\">\n\t\t<div class=\"elementor-element elementor-element-23372a46 e-con-full e-flex e-con e-child\" data-id=\"23372a46\" data-element_type=\"container\" data-e-type=\"container\">\n\t\t\t\t<div class=\"elementor-element elementor-element-378aaae0 elementor-widget elementor-widget-image\" data-id=\"378aaae0\" data-element_type=\"widget\" data-e-type=\"widget\" data-widget_type=\"image.default\">\n\t\t\t\t<div class=\"elementor-widget-container\">\n\t\t\t\t\t\t\t\t\t\t\t\t\t\t\t<img decoding=\"async\" src=\"https:\/\/www.brice-baules.fr\/wp-content\/uploads\/elementor\/thumbs\/IMG_2511-scaled-rkgjs971b3airn2zil7y95kxb93ohlsh3toqs60veg.jpg\" title=\"IMG_2511\" alt=\"IMG_2511\" loading=\"lazy\" \/>\t\t\t\t\t\t\t\t\t\t\t\t\t\t\t<\/div>\n\t\t\t\t<\/div>\n\t\t\t\t<\/div>\n\t\t<div class=\"elementor-element elementor-element-5a205cb4 e-con-full e-flex e-con e-child\" data-id=\"5a205cb4\" data-element_type=\"container\" data-e-type=\"container\">\n\t\t\t\t<div class=\"elementor-element elementor-element-26dc61f6 elementor-widget elementor-widget-heading\" data-id=\"26dc61f6\" data-element_type=\"widget\" data-e-type=\"widget\" data-widget_type=\"heading.default\">\n\t\t\t\t<div class=\"elementor-widget-container\">\n\t\t\t\t\t<h1 class=\"elementor-heading-title elementor-size-default\">R\u00e9parations - Transformation<\/h1>\t\t\t\t<\/div>\n\t\t\t\t<\/div>\n\t\t\t\t<div class=\"elementor-element elementor-element-2e1213fb elementor-widget elementor-widget-text-editor\" data-id=\"2e1213fb\" data-element_type=\"widget\" data-e-type=\"widget\" data-widget_type=\"text-editor.default\">\n\t\t\t\t<div class=\"elementor-widget-container\">\n\t\t\t\t\t\t\t\t\t<div class=\"elementor-element elementor-element-605044c elementor-widget elementor-widget-text-editor\" data-id=\"605044c\" data-element_type=\"widget\" data-e-type=\"widget\" data-widget_type=\"text-editor.default\"><div class=\"elementor-widget-container\"><p><strong>Vous poss\u00e9dez un bijou qui n\u00e9cessite des r\u00e9parations ?<\/strong><\/p><p>Chaque r\u00e9paration est diff\u00e9rente mais vous pouvez venir me voir pour toute: mise \u00e0 taille de bague, soudure de cha\u00eene, polissage, restauration compl\u00e8te\u2026<\/p><p>Gr\u00e2ce \u00e0 mon savoir-faire, je suis en mesure de redonner vie \u00e0 vos bijoux.<\/p><p>\u00a0<\/p><div class=\"elementor-element elementor-element-5cb413f elementor-widget elementor-widget-text-editor\" data-id=\"5cb413f\" data-element_type=\"widget\" data-e-type=\"widget\" data-widget_type=\"text-editor.default\"><div class=\"elementor-widget-container\"><p><strong>Vous avez des bijoux qui ne vous correspondent plus ?<\/strong><\/p><p>Je peux transformer vos vieux bijoux pour les rajeunir et les mettre \u00e0 votre go\u00fbt.<\/p><p>Ou encore les faire fondre afin de r\u00e9aliser un tout nouveau.<\/p><\/div><\/div><\/div><\/div>\t\t\t\t\t\t\t\t<\/div>\n\t\t\t\t<\/div>\n\t\t\t\t<\/div>\n\t\t\t\t<\/div>\n\t\t<div class=\"elementor-element elementor-element-58da5ac8 e-con-full e-flex e-con e-parent\" data-id=\"58da5ac8\" data-element_type=\"container\" data-e-type=\"container\" data-settings=\"{&quot;background_background&quot;:&quot;classic&quot;}\">\n\t\t<div class=\"elementor-element elementor-element-3661cd90 e-con-full e-flex e-con e-child\" data-id=\"3661cd90\" data-element_type=\"container\" data-e-type=\"container\">\n\t\t\t\t<div class=\"elementor-element elementor-element-744e122e elementor-widget elementor-widget-heading\" data-id=\"744e122e\" data-element_type=\"widget\" data-e-type=\"widget\" data-widget_type=\"heading.default\">\n\t\t\t\t<div class=\"elementor-widget-container\">\n\t\t\t\t\t<h2 class=\"elementor-heading-title elementor-size-default\">Commandes - Cr\u00e9ations sur mesure<\/h2>\t\t\t\t<\/div>\n\t\t\t\t<\/div>\n\t\t\t\t<div class=\"elementor-element elementor-element-20154b97 elementor-widget__width-initial elementor-widget elementor-widget-text-editor\" data-id=\"20154b97\" data-element_type=\"widget\" data-e-type=\"widget\" data-widget_type=\"text-editor.default\">\n\t\t\t\t<div class=\"elementor-widget-container\">\n\t\t\t\t\t\t\t\t\t<p><strong>Vous avez vu un bijou qui vous plait sur le site?<\/strong><\/p><p>Tous mes bijoux sont produit en petites s\u00e9ries reproductibles \u00e0 la demande. N&rsquo;h\u00e9sitez pas \u00e0 me contacter afin de passer commande.<\/p><p><strong>Vous avez un projet de cr\u00e9ation?<\/strong><\/p><p>Vous envie d&rsquo;un bijou qui vous ressemble, d&rsquo;offrir un cadeau unique?<\/p><p>Je suis \u00e0 votre \u00e9coute, ensemble \u00e0 l&rsquo;aide de photos, croquis nous construirons le bijou dont vous r\u00eavez!<\/p>\t\t\t\t\t\t\t\t<\/div>\n\t\t\t\t<\/div>\n\t\t\t\t<div class=\"elementor-element elementor-element-7a544430 elementor-invisible elementor-widget elementor-widget-button\" data-id=\"7a544430\" data-element_type=\"widget\" data-e-type=\"widget\" data-settings=\"{&quot;_animation&quot;:&quot;fadeInDown&quot;}\" data-widget_type=\"button.default\">\n\t\t\t\t<div class=\"elementor-widget-container\">\n\t\t\t\t\t\t\t\t\t<div class=\"elementor-button-wrapper\">\n\t\t\t\t\t<a class=\"elementor-button elementor-button-link elementor-size-sm\" href=\"https:\/\/www.brice-baules.fr\/index.php\/contact\/\">\n\t\t\t\t\t\t<span class=\"elementor-button-content-wrapper\">\n\t\t\t\t\t\t\t\t\t<span class=\"elementor-button-text\">Me contacter<\/span>\n\t\t\t\t\t<\/span>\n\t\t\t\t\t<\/a>\n\t\t\t\t<\/div>\n\t\t\t\t\t\t\t\t<\/div>\n\t\t\t\t<\/div>\n\t\t\t\t<\/div>\n\t\t<div class=\"elementor-element elementor-element-15564b71 e-con-full e-flex e-con e-child\" data-id=\"15564b71\" data-element_type=\"container\" data-e-type=\"container\">\n\t\t\t\t<div class=\"elementor-element elementor-element-af0381b elementor-widget elementor-widget-image\" data-id=\"af0381b\" data-element_type=\"widget\" data-e-type=\"widget\" data-widget_type=\"image.default\">\n\t\t\t\t<div class=\"elementor-widget-container\">\n\t\t\t\t\t\t\t\t\t\t\t\t\t\t\t<img decoding=\"async\" src=\"https:\/\/www.brice-baules.fr\/wp-content\/uploads\/elementor\/thumbs\/IMG_2504-scaled-rkgk1pgkt9f17l6kenf1f14eqmmmbg4tal0lbhqo8k.jpg\" title=\"IMG_2504\" alt=\"IMG_2504\" loading=\"lazy\" \/>\t\t\t\t\t\t\t\t\t\t\t\t\t\t\t<\/div>\n\t\t\t\t<\/div>\n\t\t\t\t<\/div>\n\t\t\t\t<\/div>\n\t\t\t\t<\/div>\n\t\t","protected":false},"excerpt":{"rendered":"<p>Ajoutez votre titre ici Les services R\u00e9parations &#8211; Transformation Vous poss\u00e9dez un bijou qui n\u00e9cessite des r\u00e9parations ? Chaque r\u00e9paration est diff\u00e9rente mais vous pouvez venir me voir pour toute: mise \u00e0 taille de bague, soudure de cha\u00eene, polissage, restauration compl\u00e8te\u2026 Gr\u00e2ce \u00e0 mon savoir-faire, je suis en mesure de redonner vie \u00e0 vos bijoux. [&hellip;]<\/p>\n","protected":false},"author":1,"featured_media":0,"parent":0,"menu_order":0,"comment_status":"closed","ping_status":"closed","template":"elementor_header_footer","meta":{"footnotes":""},"class_list":["post-28","page","type-page","status-publish","hentry","entry"],"yoast_head":"<!-- This site is optimized with the Yoast SEO plugin v27.1.1 - https:\/\/yoast.com\/product\/yoast-seo-wordpress\/ -->\n<title>Les services - Brice Baul\u00e8s - Artisan Bijoutier<\/title>\n<meta name=\"robots\" content=\"index, follow, max-snippet:-1, max-image-preview:large, max-video-preview:-1\" \/>\n<link rel=\"canonical\" href=\"https:\/\/www.brice-baules.fr\/index.php\/les-services\/\" \/>\n<meta property=\"og:locale\" content=\"fr_FR\" \/>\n<meta property=\"og:type\" content=\"article\" \/>\n<meta property=\"og:title\" content=\"Les services - Brice Baul\u00e8s - Artisan Bijoutier\" \/>\n<meta property=\"og:description\" content=\"Ajoutez votre titre ici Les services R\u00e9parations &#8211; Transformation Vous poss\u00e9dez un bijou qui n\u00e9cessite des r\u00e9parations ? Chaque r\u00e9paration est diff\u00e9rente mais vous pouvez venir me voir pour toute: mise \u00e0 taille de bague, soudure de cha\u00eene, polissage, restauration compl\u00e8te\u2026 Gr\u00e2ce \u00e0 mon savoir-faire, je suis en mesure de redonner vie \u00e0 vos bijoux. [&hellip;]\" \/>\n<meta property=\"og:url\" content=\"https:\/\/www.brice-baules.fr\/index.php\/les-services\/\" \/>\n<meta property=\"og:site_name\" content=\"Brice Baul\u00e8s - Artisan Bijoutier\" \/>\n<meta property=\"article:publisher\" content=\"https:\/\/www.facebook.com\/p\/Brice-Bauls-BijoutierJoaillier-100082901226575\/\" \/>\n<meta property=\"article:modified_time\" content=\"2026-03-13T17:31:21+00:00\" \/>\n<meta property=\"og:image\" content=\"https:\/\/www.brice-baules.fr\/wp-content\/uploads\/elementor\/thumbs\/IMG_2511-scaled-rkgh69c1vim9rfm8dyj0wvhis4ear8ms6l4r41e5mg.jpg\" \/>\n<meta name=\"twitter:card\" content=\"summary_large_image\" \/>\n<meta name=\"twitter:label1\" content=\"Dur\u00e9e de lecture estim\u00e9e\" \/>\n\t<meta name=\"twitter:data1\" content=\"2 minutes\" \/>\n<script type=\"application\/ld+json\" class=\"yoast-schema-graph\">{\"@context\":\"https:\/\/schema.org\",\"@graph\":[{\"@type\":\"WebPage\",\"@id\":\"https:\/\/www.brice-baules.fr\/index.php\/les-services\/\",\"url\":\"https:\/\/www.brice-baules.fr\/index.php\/les-services\/\",\"name\":\"Les services - Brice Baul\u00e8s - Artisan Bijoutier\",\"isPartOf\":{\"@id\":\"https:\/\/www.brice-baules.fr\/#website\"},\"primaryImageOfPage\":{\"@id\":\"https:\/\/www.brice-baules.fr\/index.php\/les-services\/#primaryimage\"},\"image\":{\"@id\":\"https:\/\/www.brice-baules.fr\/index.php\/les-services\/#primaryimage\"},\"thumbnailUrl\":\"https:\/\/www.brice-baules.fr\/wp-content\/uploads\/elementor\/thumbs\/IMG_2511-scaled-rkgh69c1vim9rfm8dyj0wvhis4ear8ms6l4r41e5mg.jpg\",\"datePublished\":\"2025-02-04T17:00:07+00:00\",\"dateModified\":\"2026-03-13T17:31:21+00:00\",\"breadcrumb\":{\"@id\":\"https:\/\/www.brice-baules.fr\/index.php\/les-services\/#breadcrumb\"},\"inLanguage\":\"fr-FR\",\"potentialAction\":[{\"@type\":\"ReadAction\",\"target\":[\"https:\/\/www.brice-baules.fr\/index.php\/les-services\/\"]}]},{\"@type\":\"ImageObject\",\"inLanguage\":\"fr-FR\",\"@id\":\"https:\/\/www.brice-baules.fr\/index.php\/les-services\/#primaryimage\",\"url\":\"https:\/\/www.brice-baules.fr\/wp-content\/uploads\/elementor\/thumbs\/IMG_2511-scaled-rkgh69c1vim9rfm8dyj0wvhis4ear8ms6l4r41e5mg.jpg\",\"contentUrl\":\"https:\/\/www.brice-baules.fr\/wp-content\/uploads\/elementor\/thumbs\/IMG_2511-scaled-rkgh69c1vim9rfm8dyj0wvhis4ear8ms6l4r41e5mg.jpg\"},{\"@type\":\"BreadcrumbList\",\"@id\":\"https:\/\/www.brice-baules.fr\/index.php\/les-services\/#breadcrumb\",\"itemListElement\":[{\"@type\":\"ListItem\",\"position\":1,\"name\":\"Accueil\",\"item\":\"https:\/\/www.brice-baules.fr\/\"},{\"@type\":\"ListItem\",\"position\":2,\"name\":\"Les services\"}]},{\"@type\":\"WebSite\",\"@id\":\"https:\/\/www.brice-baules.fr\/#website\",\"url\":\"https:\/\/www.brice-baules.fr\/\",\"name\":\"Brice Baul\u00e8s - Artisan Bijoutier\",\"description\":\"\",\"publisher\":{\"@id\":\"https:\/\/www.brice-baules.fr\/#organization\"},\"potentialAction\":[{\"@type\":\"SearchAction\",\"target\":{\"@type\":\"EntryPoint\",\"urlTemplate\":\"https:\/\/www.brice-baules.fr\/?s={search_term_string}\"},\"query-input\":{\"@type\":\"PropertyValueSpecification\",\"valueRequired\":true,\"valueName\":\"search_term_string\"}}],\"inLanguage\":\"fr-FR\"},{\"@type\":\"Organization\",\"@id\":\"https:\/\/www.brice-baules.fr\/#organization\",\"name\":\"Brice Baul\u00e8s - Artisan Bijoutier\",\"url\":\"https:\/\/www.brice-baules.fr\/\",\"logo\":{\"@type\":\"ImageObject\",\"inLanguage\":\"fr-FR\",\"@id\":\"https:\/\/www.brice-baules.fr\/#\/schema\/logo\/image\/\",\"url\":\"https:\/\/www.brice-baules.fr\/wp-content\/uploads\/2025\/02\/logo.png\",\"contentUrl\":\"https:\/\/www.brice-baules.fr\/wp-content\/uploads\/2025\/02\/logo.png\",\"width\":1617,\"height\":1609,\"caption\":\"Brice Baul\u00e8s - Artisan Bijoutier\"},\"image\":{\"@id\":\"https:\/\/www.brice-baules.fr\/#\/schema\/logo\/image\/\"},\"sameAs\":[\"https:\/\/www.facebook.com\/p\/Brice-Bauls-BijoutierJoaillier-100082901226575\/\",\"https:\/\/www.instagram.com\/brice_baules_bijoutier\/\"]}]}<\/script>\n<!-- \/ Yoast SEO plugin. -->","yoast_head_json":{"title":"Les services - Brice Baul\u00e8s - Artisan Bijoutier","robots":{"index":"index","follow":"follow","max-snippet":"max-snippet:-1","max-image-preview":"max-image-preview:large","max-video-preview":"max-video-preview:-1"},"canonical":"https:\/\/www.brice-baules.fr\/index.php\/les-services\/","og_locale":"fr_FR","og_type":"article","og_title":"Les services - Brice Baul\u00e8s - Artisan Bijoutier","og_description":"Ajoutez votre titre ici Les services R\u00e9parations &#8211; Transformation Vous poss\u00e9dez un bijou qui n\u00e9cessite des r\u00e9parations ? Chaque r\u00e9paration est diff\u00e9rente mais vous pouvez venir me voir pour toute: mise \u00e0 taille de bague, soudure de cha\u00eene, polissage, restauration compl\u00e8te\u2026 Gr\u00e2ce \u00e0 mon savoir-faire, je suis en mesure de redonner vie \u00e0 vos bijoux. [&hellip;]","og_url":"https:\/\/www.brice-baules.fr\/index.php\/les-services\/","og_site_name":"Brice Baul\u00e8s - Artisan Bijoutier","article_publisher":"https:\/\/www.facebook.com\/p\/Brice-Bauls-BijoutierJoaillier-100082901226575\/","article_modified_time":"2026-03-13T17:31:21+00:00","og_image":[{"url":"https:\/\/www.brice-baules.fr\/wp-content\/uploads\/elementor\/thumbs\/IMG_2511-scaled-rkgh69c1vim9rfm8dyj0wvhis4ear8ms6l4r41e5mg.jpg","type":"","width":"","height":""}],"twitter_card":"summary_large_image","twitter_misc":{"Dur\u00e9e de lecture estim\u00e9e":"2 minutes"},"schema":{"@context":"https:\/\/schema.org","@graph":[{"@type":"WebPage","@id":"https:\/\/www.brice-baules.fr\/index.php\/les-services\/","url":"https:\/\/www.brice-baules.fr\/index.php\/les-services\/","name":"Les services - Brice Baul\u00e8s - Artisan Bijoutier","isPartOf":{"@id":"https:\/\/www.brice-baules.fr\/#website"},"primaryImageOfPage":{"@id":"https:\/\/www.brice-baules.fr\/index.php\/les-services\/#primaryimage"},"image":{"@id":"https:\/\/www.brice-baules.fr\/index.php\/les-services\/#primaryimage"},"thumbnailUrl":"https:\/\/www.brice-baules.fr\/wp-content\/uploads\/elementor\/thumbs\/IMG_2511-scaled-rkgh69c1vim9rfm8dyj0wvhis4ear8ms6l4r41e5mg.jpg","datePublished":"2025-02-04T17:00:07+00:00","dateModified":"2026-03-13T17:31:21+00:00","breadcrumb":{"@id":"https:\/\/www.brice-baules.fr\/index.php\/les-services\/#breadcrumb"},"inLanguage":"fr-FR","potentialAction":[{"@type":"ReadAction","target":["https:\/\/www.brice-baules.fr\/index.php\/les-services\/"]}]},{"@type":"ImageObject","inLanguage":"fr-FR","@id":"https:\/\/www.brice-baules.fr\/index.php\/les-services\/#primaryimage","url":"https:\/\/www.brice-baules.fr\/wp-content\/uploads\/elementor\/thumbs\/IMG_2511-scaled-rkgh69c1vim9rfm8dyj0wvhis4ear8ms6l4r41e5mg.jpg","contentUrl":"https:\/\/www.brice-baules.fr\/wp-content\/uploads\/elementor\/thumbs\/IMG_2511-scaled-rkgh69c1vim9rfm8dyj0wvhis4ear8ms6l4r41e5mg.jpg"},{"@type":"BreadcrumbList","@id":"https:\/\/www.brice-baules.fr\/index.php\/les-services\/#breadcrumb","itemListElement":[{"@type":"ListItem","position":1,"name":"Accueil","item":"https:\/\/www.brice-baules.fr\/"},{"@type":"ListItem","position":2,"name":"Les services"}]},{"@type":"WebSite","@id":"https:\/\/www.brice-baules.fr\/#website","url":"https:\/\/www.brice-baules.fr\/","name":"Brice Baul\u00e8s - Artisan Bijoutier","description":"","publisher":{"@id":"https:\/\/www.brice-baules.fr\/#organization"},"potentialAction":[{"@type":"SearchAction","target":{"@type":"EntryPoint","urlTemplate":"https:\/\/www.brice-baules.fr\/?s={search_term_string}"},"query-input":{"@type":"PropertyValueSpecification","valueRequired":true,"valueName":"search_term_string"}}],"inLanguage":"fr-FR"},{"@type":"Organization","@id":"https:\/\/www.brice-baules.fr\/#organization","name":"Brice Baul\u00e8s - Artisan Bijoutier","url":"https:\/\/www.brice-baules.fr\/","logo":{"@type":"ImageObject","inLanguage":"fr-FR","@id":"https:\/\/www.brice-baules.fr\/#\/schema\/logo\/image\/","url":"https:\/\/www.brice-baules.fr\/wp-content\/uploads\/2025\/02\/logo.png","contentUrl":"https:\/\/www.brice-baules.fr\/wp-content\/uploads\/2025\/02\/logo.png","width":1617,"height":1609,"caption":"Brice Baul\u00e8s - Artisan Bijoutier"},"image":{"@id":"https:\/\/www.brice-baules.fr\/#\/schema\/logo\/image\/"},"sameAs":["https:\/\/www.facebook.com\/p\/Brice-Bauls-BijoutierJoaillier-100082901226575\/","https:\/\/www.instagram.com\/brice_baules_bijoutier\/"]}]}},"_links":{"self":[{"href":"https:\/\/www.brice-baules.fr\/index.php\/wp-json\/wp\/v2\/pages\/28","targetHints":{"allow":["GET"]}}],"collection":[{"href":"https:\/\/www.brice-baules.fr\/index.php\/wp-json\/wp\/v2\/pages"}],"about":[{"href":"https:\/\/www.brice-baules.fr\/index.php\/wp-json\/wp\/v2\/types\/page"}],"author":[{"embeddable":true,"href":"https:\/\/www.brice-baules.fr\/index.php\/wp-json\/wp\/v2\/users\/1"}],"replies":[{"embeddable":true,"href":"https:\/\/www.brice-baules.fr\/index.php\/wp-json\/wp\/v2\/comments?post=28"}],"version-history":[{"count":28,"href":"https:\/\/www.brice-baules.fr\/index.php\/wp-json\/wp\/v2\/pages\/28\/revisions"}],"predecessor-version":[{"id":520,"href":"https:\/\/www.brice-baules.fr\/index.php\/wp-json\/wp\/v2\/pages\/28\/revisions\/520"}],"wp:attachment":[{"href":"https:\/\/www.brice-baules.fr\/index.php\/wp-json\/wp\/v2\/media?parent=28"}],"curies":[{"name":"wp","href":"https:\/\/api.w.org\/{rel}","templated":true}]}}