{"id":22,"date":"2025-02-04T17:55:44","date_gmt":"2025-02-04T16:55:44","guid":{"rendered":"http:\/\/localhost\/brice\/?page_id=22"},"modified":"2026-03-13T19:10:51","modified_gmt":"2026-03-13T18:10:51","slug":"contact","status":"publish","type":"page","link":"https:\/\/www.brice-baules.fr\/index.php\/contact\/","title":{"rendered":"Contact"},"content":{"rendered":"\t\t<div data-elementor-type=\"wp-page\" data-elementor-id=\"22\" class=\"elementor elementor-22\">\n\t\t\t\t<div class=\"elementor-element elementor-element-4bbd81bf e-flex e-con-boxed e-con e-parent\" data-id=\"4bbd81bf\" data-element_type=\"container\" data-e-type=\"container\" data-settings=\"{&quot;background_background&quot;:&quot;classic&quot;}\">\n\t\t\t\t\t<div class=\"e-con-inner\">\n\t\t\t\t<div class=\"elementor-element elementor-element-6b1a5dde elementor-widget elementor-widget-heading\" data-id=\"6b1a5dde\" data-element_type=\"widget\" data-e-type=\"widget\" data-widget_type=\"heading.default\">\n\t\t\t\t<div class=\"elementor-widget-container\">\n\t\t\t\t\t<h1 class=\"elementor-heading-title elementor-size-default\">Contact<\/h1>\t\t\t\t<\/div>\n\t\t\t\t<\/div>\n\t\t<div class=\"elementor-element elementor-element-6306a2b7 e-con-full e-flex e-con e-child\" data-id=\"6306a2b7\" data-element_type=\"container\" data-e-type=\"container\">\n\t\t<div class=\"elementor-element elementor-element-62240b17 e-con-full e-flex e-con e-child\" data-id=\"62240b17\" data-element_type=\"container\" data-e-type=\"container\">\n\t\t\t\t<div class=\"elementor-element elementor-element-b39d5e7 elementor-widget elementor-widget-text-editor\" data-id=\"b39d5e7\" data-element_type=\"widget\" data-e-type=\"widget\" data-widget_type=\"text-editor.default\">\n\t\t\t\t<div class=\"elementor-widget-container\">\n\t\t\t\t\t\t\t\t\t<p>\u00a0<\/p><p>Pour toute commande, renseignements ou prise de rendez-vous, n&rsquo;h\u00e9sitez pas \u00e0 me contacter via le formulaire de contact ci-dessous ou par t\u00e9l\u00e9phone.<\/p><p>\u00a0Je vous r\u00e9pondrai dans les plus brefs d\u00e9lais.<\/p>\t\t\t\t\t\t\t\t<\/div>\n\t\t\t\t<\/div>\n\t\t\t\t<div class=\"elementor-element elementor-element-3f1cd0d3 elementor-widget-divider--view-line elementor-widget elementor-widget-divider\" data-id=\"3f1cd0d3\" data-element_type=\"widget\" data-e-type=\"widget\" data-widget_type=\"divider.default\">\n\t\t\t\t<div class=\"elementor-widget-container\">\n\t\t\t\t\t\t\t<div class=\"elementor-divider\">\n\t\t\t<span class=\"elementor-divider-separator\">\n\t\t\t\t\t\t<\/span>\n\t\t<\/div>\n\t\t\t\t\t\t<\/div>\n\t\t\t\t<\/div>\n\t\t\t\t<div class=\"elementor-element elementor-element-5561cfcf elementor-align-center elementor-icon-list--layout-traditional elementor-list-item-link-full_width elementor-widget elementor-widget-icon-list\" data-id=\"5561cfcf\" data-element_type=\"widget\" data-e-type=\"widget\" data-widget_type=\"icon-list.default\">\n\t\t\t\t<div class=\"elementor-widget-container\">\n\t\t\t\t\t\t\t<ul class=\"elementor-icon-list-items\">\n\t\t\t\t\t\t\t<li class=\"elementor-icon-list-item\">\n\t\t\t\t\t\t\t\t\t\t<span class=\"elementor-icon-list-text\">Adresse: 4 bis Avenue de la Gare, 81800 Couffouleux<\/span>\n\t\t\t\t\t\t\t\t\t<\/li>\n\t\t\t\t\t\t\t\t<li class=\"elementor-icon-list-item\">\n\t\t\t\t\t\t\t\t\t\t<span class=\"elementor-icon-list-text\">T\u00e9l\u00e9phone: 07.49.09.72.40<\/span>\n\t\t\t\t\t\t\t\t\t<\/li>\n\t\t\t\t\t\t\t\t<li class=\"elementor-icon-list-item\">\n\t\t\t\t\t\t\t\t\t\t<span class=\"elementor-icon-list-text\">Email: brice.baules@gmail.com<\/span>\n\t\t\t\t\t\t\t\t\t<\/li>\n\t\t\t\t\t\t<\/ul>\n\t\t\t\t\t\t<\/div>\n\t\t\t\t<\/div>\n\t\t\t\t<\/div>\n\t\t\t\t<\/div>\n\t\t<div class=\"elementor-element elementor-element-ea60b53 e-con-full e-flex e-con e-child\" data-id=\"ea60b53\" data-element_type=\"container\" data-e-type=\"container\">\n\t\t\t\t<div class=\"elementor-element elementor-element-738c461 elementor-widget elementor-widget-google_maps\" data-id=\"738c461\" data-element_type=\"widget\" data-e-type=\"widget\" data-widget_type=\"google_maps.default\">\n\t\t\t\t<div class=\"elementor-widget-container\">\n\t\t\t\t\t\t\t<div class=\"elementor-custom-embed\">\n\t\t\t<iframe loading=\"lazy\"\n\t\t\t\t\tsrc=\"https:\/\/maps.google.com\/maps?q=4%20bis%20avenue%20de%20la%20gare%2C%2081800%20couffouleux&#038;t=m&#038;z=10&#038;output=embed&#038;iwloc=near\"\n\t\t\t\t\ttitle=\"4 bis avenue de la gare, 81800 couffouleux\"\n\t\t\t\t\taria-label=\"4 bis avenue de la gare, 81800 couffouleux\"\n\t\t\t><\/iframe>\n\t\t<\/div>\n\t\t\t\t\t\t<\/div>\n\t\t\t\t<\/div>\n\t\t\t\t<\/div>\n\t\t\t\t\t<\/div>\n\t\t\t\t<\/div>\n\t\t<div class=\"elementor-element elementor-element-79ad2c0 e-flex e-con-boxed e-con e-parent\" data-id=\"79ad2c0\" data-element_type=\"container\" data-e-type=\"container\">\n\t\t\t\t\t<div class=\"e-con-inner\">\n\t\t\t\t<div class=\"elementor-element elementor-element-145d782 elementor-widget elementor-widget-formidable\" data-id=\"145d782\" data-element_type=\"widget\" data-e-type=\"widget\" data-widget_type=\"formidable.default\">\n\t\t\t\t<div class=\"elementor-widget-container\">\n\t\t\t\t\t<div class=\"frm_forms  with_frm_style frm_style_style-formidable\" id=\"frm_form_3_container\" data-token=\"64791eb13052b4eec93af0c953902e38\">\n<form enctype=\"multipart\/form-data\" method=\"post\" class=\"frm-show-form \" id=\"form_contact\" data-token=\"64791eb13052b4eec93af0c953902e38\">\n<div class=\"frm_form_fields \">\n<fieldset>\n<legend class=\"frm_screen_reader\">Contact<\/legend>\r\n\r\n<div class=\"frm_fields_container\">\n<input type=\"hidden\" name=\"frm_action\" value=\"create\" \/>\n<input type=\"hidden\" name=\"form_id\" value=\"3\" \/>\n<input type=\"hidden\" name=\"frm_hide_fields_3\" id=\"frm_hide_fields_3\" value=\"\" \/>\n<input type=\"hidden\" name=\"form_key\" value=\"contact\" \/>\n<input type=\"hidden\" name=\"item_meta[0]\" value=\"\" \/>\n<input type=\"hidden\" id=\"frm_submit_entry_3\" name=\"frm_submit_entry_3\" value=\"24e410a956\" \/><input type=\"hidden\" name=\"_wp_http_referer\" value=\"\/index.php\/wp-json\/wp\/v2\/pages\/22\" \/><div id=\"frm_field_8_container\" class=\"frm_form_field form-field  frm_top_container\">\r\n\t<div  id=\"field_8uoms_label\" class=\"frm_primary_label\">Nom\r\n\t\t<span class=\"frm_required\" aria-hidden=\"true\"><\/span>\r\n\t<\/div>\r\n\t<fieldset aria-labelledby=\"field_8uoms_label\">\n\t<legend class=\"frm_screen_reader frm_hidden\">\n\t\tNom\t<\/legend>\n\n\t<div  class=\"frm_combo_inputs_container\" id=\"frm_combo_inputs_container_8\" data-name-layout=\"first_last\">\n\t\t\t\t\t<div\n\t\t\t\tid=\"frm_field_8-first_container\"\n\t\t\t\tclass=\"frm_form_field form-field frm_form_subfield-first  frm6\"\n\t\t\t\tdata-sub-field-name=\"first\"\n\t\t\t>\n\t\t\t\t<label for=\"field_8uoms_first\" class=\"frm_screen_reader frm_hidden\">\n\t\t\t\t\tPr\u00e9nom\t\t\t\t<\/label>\n\n\t\t\t\t<input  type=\"text\" id=\"field_8uoms_first\" value=\"\" name=\"item_meta[8][first]\" autocomplete=\"given-name\" data-invmsg=\"Nom est non valide\" aria-invalid=\"false\"  \/><div class=\"frm_description\" id=\"frm_field_8_first_desc\">Pr\u00e9nom<\/div>\t\t\t<\/div>\n\t\t\t\t\t\t<div\n\t\t\t\tid=\"frm_field_8-last_container\"\n\t\t\t\tclass=\"frm_form_field form-field frm_form_subfield-last  frm6\"\n\t\t\t\tdata-sub-field-name=\"last\"\n\t\t\t>\n\t\t\t\t<label for=\"field_8uoms_last\" class=\"frm_screen_reader frm_hidden\">\n\t\t\t\t\tNom\t\t\t\t<\/label>\n\n\t\t\t\t<input  type=\"text\" id=\"field_8uoms_last\" value=\"\" name=\"item_meta[8][last]\" autocomplete=\"family-name\" data-invmsg=\"Nom est non valide\" aria-invalid=\"false\"  \/><div class=\"frm_description\" id=\"frm_field_8_last_desc\">Nom<\/div>\t\t\t<\/div>\n\t\t\t\t<\/div>\n<\/fieldset>\n\r\n\t\r\n\t\r\n<\/div>\n<div id=\"frm_field_12_container\" class=\"frm_form_field form-field  frm_top_container\">\r\n\t<label for=\"field_ek5oe\" id=\"field_ek5oe_label\" class=\"frm_primary_label\">Sujet\r\n\t\t<span class=\"frm_required\" aria-hidden=\"true\"><\/span>\r\n\t<\/label>\r\n\t<input type=\"text\" id=\"field_ek5oe\" name=\"item_meta[12]\" value=\"\"  data-invmsg=\"Sujet est non valide\" aria-invalid=\"false\"  \/>\r\n\t\r\n\t\r\n<\/div>\n<div id=\"frm_field_10_container\" class=\"frm_form_field form-field  frm_top_container\">\r\n\t<label for=\"field_jfr82\" id=\"field_jfr82_label\" class=\"frm_primary_label\">Message\r\n\t\t<span class=\"frm_required\" aria-hidden=\"true\"><\/span>\r\n\t<\/label>\r\n\t<textarea name=\"item_meta[10]\" id=\"field_jfr82\" rows=\"5\"  data-invmsg=\"Message est non valide\" aria-invalid=\"false\"  ><\/textarea>\r\n\t\r\n\t\r\n<\/div>\n<div id=\"frm_field_11_container\" class=\"frm_form_field form-field  frm_top_container\">\r\n\t<label for=\"field_429ld\" id=\"field_429ld_label\" class=\"frm_primary_label\">E-mail\r\n\t\t<span class=\"frm_required\" aria-hidden=\"true\"><\/span>\r\n\t<\/label>\r\n\t<input type=\"email\" id=\"field_429ld\" name=\"item_meta[11]\" value=\"\"  data-invmsg=\"E-mail est non valide\" aria-invalid=\"false\"  \/>\r\n\t\r\n\t\r\n<\/div>\n<div id=\"frm_field_7_container\" class=\"frm_form_field form-field \">\r\n\t<div class=\"frm_submit frm_flex\">\r\n<button class=\"frm_button_submit\" type=\"submit\"  >Envoyer<\/button>\r\n\r\n\r\n\r\n<\/div>\r\n<\/div>\n\t<input type=\"hidden\" name=\"item_key\" value=\"\" \/>\n\t\t\t<div id=\"frm_field_13_container\">\n\t\t\t<label for=\"field_et0ln\" >\n\t\t\t\tSi vous \u00eates un humain, ne remplissez pas ce champ.\t\t\t<\/label>\n\t\t\t<input  id=\"field_et0ln\" type=\"text\" class=\"frm_form_field form-field frm_verify\" name=\"item_meta[13]\" value=\"\"  \/>\n\t\t<\/div>\n\t\t<input name=\"frm_state\" type=\"hidden\" value=\"DaPJZtK7IfQCeuHKDDTdylyd92DbOneFc0WTe0Lu+LM=\" \/><\/div>\n<\/fieldset>\n<\/div>\n\n<\/form>\n<\/div>\n\t\t\t\t<\/div>\n\t\t\t\t<\/div>\n\t\t\t\t\t<\/div>\n\t\t\t\t<\/div>\n\t\t\t\t<\/div>\n\t\t","protected":false},"excerpt":{"rendered":"<p>Contact \u00a0 Pour toute commande, renseignements ou prise de rendez-vous, n&rsquo;h\u00e9sitez pas \u00e0 me contacter via le formulaire de contact ci-dessous ou par t\u00e9l\u00e9phone. \u00a0Je vous r\u00e9pondrai dans les plus brefs d\u00e9lais. Adresse: 4 bis Avenue de la Gare, 81800 Couffouleux T\u00e9l\u00e9phone: 07.49.09.72.40 Email: brice.baules@gmail.com Contact Nom Nom Pr\u00e9nom Pr\u00e9nom Nom Nom Sujet Message E-mail [&hellip;]<\/p>\n","protected":false},"author":1,"featured_media":0,"parent":0,"menu_order":0,"comment_status":"closed","ping_status":"closed","template":"elementor_header_footer","meta":{"footnotes":""},"class_list":["post-22","page","type-page","status-publish","hentry","entry"],"yoast_head":"<!-- This site is optimized with the Yoast SEO plugin v27.1.1 - https:\/\/yoast.com\/product\/yoast-seo-wordpress\/ -->\n<title>Contact - Brice Baul\u00e8s - Artisan Bijoutier<\/title>\n<meta name=\"robots\" content=\"index, follow, max-snippet:-1, max-image-preview:large, max-video-preview:-1\" \/>\n<link rel=\"canonical\" href=\"https:\/\/www.brice-baules.fr\/index.php\/contact\/\" \/>\n<meta property=\"og:locale\" content=\"fr_FR\" \/>\n<meta property=\"og:type\" content=\"article\" \/>\n<meta property=\"og:title\" content=\"Contact - Brice Baul\u00e8s - Artisan Bijoutier\" \/>\n<meta property=\"og:description\" content=\"Contact \u00a0 Pour toute commande, renseignements ou prise de rendez-vous, n&rsquo;h\u00e9sitez pas \u00e0 me contacter via le formulaire de contact ci-dessous ou par t\u00e9l\u00e9phone. \u00a0Je vous r\u00e9pondrai dans les plus brefs d\u00e9lais. Adresse: 4 bis Avenue de la Gare, 81800 Couffouleux T\u00e9l\u00e9phone: 07.49.09.72.40 Email: brice.baules@gmail.com Contact Nom Nom Pr\u00e9nom Pr\u00e9nom Nom Nom Sujet Message E-mail [&hellip;]\" \/>\n<meta property=\"og:url\" content=\"https:\/\/www.brice-baules.fr\/index.php\/contact\/\" \/>\n<meta property=\"og:site_name\" content=\"Brice Baul\u00e8s - Artisan Bijoutier\" \/>\n<meta property=\"article:publisher\" content=\"https:\/\/www.facebook.com\/p\/Brice-Bauls-BijoutierJoaillier-100082901226575\/\" \/>\n<meta property=\"article:modified_time\" content=\"2026-03-13T18:10:51+00:00\" \/>\n<meta name=\"twitter:card\" content=\"summary_large_image\" \/>\n<meta name=\"twitter:label1\" content=\"Dur\u00e9e de lecture estim\u00e9e\" \/>\n\t<meta name=\"twitter:data1\" content=\"1 minute\" \/>\n<script type=\"application\/ld+json\" class=\"yoast-schema-graph\">{\"@context\":\"https:\/\/schema.org\",\"@graph\":[{\"@type\":\"WebPage\",\"@id\":\"https:\/\/www.brice-baules.fr\/index.php\/contact\/\",\"url\":\"https:\/\/www.brice-baules.fr\/index.php\/contact\/\",\"name\":\"Contact - Brice Baul\u00e8s - Artisan Bijoutier\",\"isPartOf\":{\"@id\":\"https:\/\/www.brice-baules.fr\/#website\"},\"datePublished\":\"2025-02-04T16:55:44+00:00\",\"dateModified\":\"2026-03-13T18:10:51+00:00\",\"breadcrumb\":{\"@id\":\"https:\/\/www.brice-baules.fr\/index.php\/contact\/#breadcrumb\"},\"inLanguage\":\"fr-FR\",\"potentialAction\":[{\"@type\":\"ReadAction\",\"target\":[\"https:\/\/www.brice-baules.fr\/index.php\/contact\/\"]}]},{\"@type\":\"BreadcrumbList\",\"@id\":\"https:\/\/www.brice-baules.fr\/index.php\/contact\/#breadcrumb\",\"itemListElement\":[{\"@type\":\"ListItem\",\"position\":1,\"name\":\"Accueil\",\"item\":\"https:\/\/www.brice-baules.fr\/\"},{\"@type\":\"ListItem\",\"position\":2,\"name\":\"Contact\"}]},{\"@type\":\"WebSite\",\"@id\":\"https:\/\/www.brice-baules.fr\/#website\",\"url\":\"https:\/\/www.brice-baules.fr\/\",\"name\":\"Brice Baul\u00e8s - Artisan Bijoutier\",\"description\":\"\",\"publisher\":{\"@id\":\"https:\/\/www.brice-baules.fr\/#organization\"},\"potentialAction\":[{\"@type\":\"SearchAction\",\"target\":{\"@type\":\"EntryPoint\",\"urlTemplate\":\"https:\/\/www.brice-baules.fr\/?s={search_term_string}\"},\"query-input\":{\"@type\":\"PropertyValueSpecification\",\"valueRequired\":true,\"valueName\":\"search_term_string\"}}],\"inLanguage\":\"fr-FR\"},{\"@type\":\"Organization\",\"@id\":\"https:\/\/www.brice-baules.fr\/#organization\",\"name\":\"Brice Baul\u00e8s - Artisan Bijoutier\",\"url\":\"https:\/\/www.brice-baules.fr\/\",\"logo\":{\"@type\":\"ImageObject\",\"inLanguage\":\"fr-FR\",\"@id\":\"https:\/\/www.brice-baules.fr\/#\/schema\/logo\/image\/\",\"url\":\"https:\/\/www.brice-baules.fr\/wp-content\/uploads\/2025\/02\/logo.png\",\"contentUrl\":\"https:\/\/www.brice-baules.fr\/wp-content\/uploads\/2025\/02\/logo.png\",\"width\":1617,\"height\":1609,\"caption\":\"Brice Baul\u00e8s - Artisan Bijoutier\"},\"image\":{\"@id\":\"https:\/\/www.brice-baules.fr\/#\/schema\/logo\/image\/\"},\"sameAs\":[\"https:\/\/www.facebook.com\/p\/Brice-Bauls-BijoutierJoaillier-100082901226575\/\",\"https:\/\/www.instagram.com\/brice_baules_bijoutier\/\"]}]}<\/script>\n<!-- \/ Yoast SEO plugin. -->","yoast_head_json":{"title":"Contact - Brice Baul\u00e8s - Artisan Bijoutier","robots":{"index":"index","follow":"follow","max-snippet":"max-snippet:-1","max-image-preview":"max-image-preview:large","max-video-preview":"max-video-preview:-1"},"canonical":"https:\/\/www.brice-baules.fr\/index.php\/contact\/","og_locale":"fr_FR","og_type":"article","og_title":"Contact - Brice Baul\u00e8s - Artisan Bijoutier","og_description":"Contact \u00a0 Pour toute commande, renseignements ou prise de rendez-vous, n&rsquo;h\u00e9sitez pas \u00e0 me contacter via le formulaire de contact ci-dessous ou par t\u00e9l\u00e9phone. \u00a0Je vous r\u00e9pondrai dans les plus brefs d\u00e9lais. Adresse: 4 bis Avenue de la Gare, 81800 Couffouleux T\u00e9l\u00e9phone: 07.49.09.72.40 Email: brice.baules@gmail.com Contact Nom Nom Pr\u00e9nom Pr\u00e9nom Nom Nom Sujet Message E-mail [&hellip;]","og_url":"https:\/\/www.brice-baules.fr\/index.php\/contact\/","og_site_name":"Brice Baul\u00e8s - Artisan Bijoutier","article_publisher":"https:\/\/www.facebook.com\/p\/Brice-Bauls-BijoutierJoaillier-100082901226575\/","article_modified_time":"2026-03-13T18:10:51+00:00","twitter_card":"summary_large_image","twitter_misc":{"Dur\u00e9e de lecture estim\u00e9e":"1 minute"},"schema":{"@context":"https:\/\/schema.org","@graph":[{"@type":"WebPage","@id":"https:\/\/www.brice-baules.fr\/index.php\/contact\/","url":"https:\/\/www.brice-baules.fr\/index.php\/contact\/","name":"Contact - Brice Baul\u00e8s - Artisan Bijoutier","isPartOf":{"@id":"https:\/\/www.brice-baules.fr\/#website"},"datePublished":"2025-02-04T16:55:44+00:00","dateModified":"2026-03-13T18:10:51+00:00","breadcrumb":{"@id":"https:\/\/www.brice-baules.fr\/index.php\/contact\/#breadcrumb"},"inLanguage":"fr-FR","potentialAction":[{"@type":"ReadAction","target":["https:\/\/www.brice-baules.fr\/index.php\/contact\/"]}]},{"@type":"BreadcrumbList","@id":"https:\/\/www.brice-baules.fr\/index.php\/contact\/#breadcrumb","itemListElement":[{"@type":"ListItem","position":1,"name":"Accueil","item":"https:\/\/www.brice-baules.fr\/"},{"@type":"ListItem","position":2,"name":"Contact"}]},{"@type":"WebSite","@id":"https:\/\/www.brice-baules.fr\/#website","url":"https:\/\/www.brice-baules.fr\/","name":"Brice Baul\u00e8s - Artisan Bijoutier","description":"","publisher":{"@id":"https:\/\/www.brice-baules.fr\/#organization"},"potentialAction":[{"@type":"SearchAction","target":{"@type":"EntryPoint","urlTemplate":"https:\/\/www.brice-baules.fr\/?s={search_term_string}"},"query-input":{"@type":"PropertyValueSpecification","valueRequired":true,"valueName":"search_term_string"}}],"inLanguage":"fr-FR"},{"@type":"Organization","@id":"https:\/\/www.brice-baules.fr\/#organization","name":"Brice Baul\u00e8s - Artisan Bijoutier","url":"https:\/\/www.brice-baules.fr\/","logo":{"@type":"ImageObject","inLanguage":"fr-FR","@id":"https:\/\/www.brice-baules.fr\/#\/schema\/logo\/image\/","url":"https:\/\/www.brice-baules.fr\/wp-content\/uploads\/2025\/02\/logo.png","contentUrl":"https:\/\/www.brice-baules.fr\/wp-content\/uploads\/2025\/02\/logo.png","width":1617,"height":1609,"caption":"Brice Baul\u00e8s - Artisan Bijoutier"},"image":{"@id":"https:\/\/www.brice-baules.fr\/#\/schema\/logo\/image\/"},"sameAs":["https:\/\/www.facebook.com\/p\/Brice-Bauls-BijoutierJoaillier-100082901226575\/","https:\/\/www.instagram.com\/brice_baules_bijoutier\/"]}]}},"_links":{"self":[{"href":"https:\/\/www.brice-baules.fr\/index.php\/wp-json\/wp\/v2\/pages\/22","targetHints":{"allow":["GET"]}}],"collection":[{"href":"https:\/\/www.brice-baules.fr\/index.php\/wp-json\/wp\/v2\/pages"}],"about":[{"href":"https:\/\/www.brice-baules.fr\/index.php\/wp-json\/wp\/v2\/types\/page"}],"author":[{"embeddable":true,"href":"https:\/\/www.brice-baules.fr\/index.php\/wp-json\/wp\/v2\/users\/1"}],"replies":[{"embeddable":true,"href":"https:\/\/www.brice-baules.fr\/index.php\/wp-json\/wp\/v2\/comments?post=22"}],"version-history":[{"count":26,"href":"https:\/\/www.brice-baules.fr\/index.php\/wp-json\/wp\/v2\/pages\/22\/revisions"}],"predecessor-version":[{"id":701,"href":"https:\/\/www.brice-baules.fr\/index.php\/wp-json\/wp\/v2\/pages\/22\/revisions\/701"}],"wp:attachment":[{"href":"https:\/\/www.brice-baules.fr\/index.php\/wp-json\/wp\/v2\/media?parent=22"}],"curies":[{"name":"wp","href":"https:\/\/api.w.org\/{rel}","templated":true}]}}