{"id":20,"date":"2025-02-04T17:48:10","date_gmt":"2025-02-04T16:48:10","guid":{"rendered":"http:\/\/localhost\/brice\/?page_id=20"},"modified":"2026-03-18T16:39:26","modified_gmt":"2026-03-18T15:39:26","slug":"mentions-legales","status":"publish","type":"page","link":"https:\/\/www.brice-baules.fr\/index.php\/mentions-legales\/","title":{"rendered":"Mentions l\u00e9gales"},"content":{"rendered":"\t\t<div data-elementor-type=\"wp-page\" data-elementor-id=\"20\" class=\"elementor elementor-20\">\n\t\t\t\t<div class=\"elementor-element elementor-element-8aea333 e-flex e-con-boxed e-con e-parent\" data-id=\"8aea333\" data-element_type=\"container\" data-e-type=\"container\">\n\t\t\t\t\t<div class=\"e-con-inner\">\n\t\t\t\t<div class=\"elementor-element elementor-element-48b0b9e elementor-widget elementor-widget-heading\" data-id=\"48b0b9e\" data-element_type=\"widget\" data-e-type=\"widget\" data-widget_type=\"heading.default\">\n\t\t\t\t<div class=\"elementor-widget-container\">\n\t\t\t\t\t<h2 class=\"elementor-heading-title elementor-size-default\">Mentions l\u00e9gales<\/h2>\t\t\t\t<\/div>\n\t\t\t\t<\/div>\n\t\t\t\t\t<\/div>\n\t\t\t\t<\/div>\n\t\t<div class=\"elementor-element elementor-element-9c0e9d7 e-flex e-con-boxed e-con e-parent\" data-id=\"9c0e9d7\" data-element_type=\"container\" data-e-type=\"container\">\n\t\t\t\t\t<div class=\"e-con-inner\">\n\t\t\t\t<div class=\"elementor-element elementor-element-548fe55 elementor-widget elementor-widget-heading\" data-id=\"548fe55\" data-element_type=\"widget\" data-e-type=\"widget\" data-widget_type=\"heading.default\">\n\t\t\t\t<div class=\"elementor-widget-container\">\n\t\t\t\t\t<h2 class=\"elementor-heading-title elementor-size-default\">Conform\u00e9ment aux dispositions de la loi n\u00b02004-575 du 21 juin 2004 pour la confiance en l'\u00e9conomie num\u00e9rique, il est pr\u00e9cis\u00e9 aux utilisateurs du site l'identit\u00e9 des diff\u00e9rents intervenants dans le cadre de sa r\u00e9alisation et son suivi.\n<\/h2>\t\t\t\t<\/div>\n\t\t\t\t<\/div>\n\t\t\t\t\t<\/div>\n\t\t\t\t<\/div>\n\t\t<div class=\"elementor-element elementor-element-73370c5 e-flex e-con-boxed e-con e-parent\" data-id=\"73370c5\" data-element_type=\"container\" data-e-type=\"container\">\n\t\t\t\t\t<div class=\"e-con-inner\">\n\t\t\t\t<div class=\"elementor-element elementor-element-6ce28d0 elementor-widget elementor-widget-heading\" data-id=\"6ce28d0\" data-element_type=\"widget\" data-e-type=\"widget\" data-widget_type=\"heading.default\">\n\t\t\t\t<div class=\"elementor-widget-container\">\n\t\t\t\t\t<h2 class=\"elementor-heading-title elementor-size-default\">\u00c9diteur<\/h2>\t\t\t\t<\/div>\n\t\t\t\t<\/div>\n\t\t\t\t\t<\/div>\n\t\t\t\t<\/div>\n\t\t<div class=\"elementor-element elementor-element-76ef3ad e-flex e-con-boxed e-con e-parent\" data-id=\"76ef3ad\" data-element_type=\"container\" data-e-type=\"container\">\n\t\t\t\t\t<div class=\"e-con-inner\">\n\t\t\t\t<div class=\"elementor-element elementor-element-0c2765c elementor-widget elementor-widget-text-editor\" data-id=\"0c2765c\" data-element_type=\"widget\" data-e-type=\"widget\" data-widget_type=\"text-editor.default\">\n\t\t\t\t<div class=\"elementor-widget-container\">\n\t\t\t\t\t\t\t\t\t<p>Raison Social: Brice Baul\u00e8s<br \/>Adresse: 4 bis avenue de la gare<br \/>T\u00e9l\u00e9phone: 07.49.09.72.40<br \/>Email: brice.baules@gmail.com<br \/>SIRET: 91226444700026<\/p>\t\t\t\t\t\t\t\t<\/div>\n\t\t\t\t<\/div>\n\t\t\t\t\t<\/div>\n\t\t\t\t<\/div>\n\t\t<div class=\"elementor-element elementor-element-fe665b3 e-flex e-con-boxed e-con e-parent\" data-id=\"fe665b3\" data-element_type=\"container\" data-e-type=\"container\">\n\t\t\t\t\t<div class=\"e-con-inner\">\n\t\t\t\t<div class=\"elementor-element elementor-element-08748e8 elementor-widget elementor-widget-heading\" data-id=\"08748e8\" data-element_type=\"widget\" data-e-type=\"widget\" data-widget_type=\"heading.default\">\n\t\t\t\t<div class=\"elementor-widget-container\">\n\t\t\t\t\t<h2 class=\"elementor-heading-title elementor-size-default\">H\u00e9bergeur<\/h2>\t\t\t\t<\/div>\n\t\t\t\t<\/div>\n\t\t\t\t\t<\/div>\n\t\t\t\t<\/div>\n\t\t<div class=\"elementor-element elementor-element-97b29f9 e-flex e-con-boxed e-con e-parent\" data-id=\"97b29f9\" data-element_type=\"container\" data-e-type=\"container\">\n\t\t\t\t\t<div class=\"e-con-inner\">\n\t\t\t\t<div class=\"elementor-element elementor-element-4dc6d16 elementor-widget elementor-widget-text-editor\" data-id=\"4dc6d16\" data-element_type=\"widget\" data-e-type=\"widget\" data-widget_type=\"text-editor.default\">\n\t\t\t\t<div class=\"elementor-widget-container\">\n\t\t\t\t\t\t\t\t\t<p>Raison Social: OVH (OVHCLOUD)<br \/>Adresse: OVH, 2 RUE KELLERMANN 59100 ROUBAIX<br \/>T\u00e9l\u00e9phone: 09.72.10.10.07<br \/>SIRET: 42476141900045<\/p>\t\t\t\t\t\t\t\t<\/div>\n\t\t\t\t<\/div>\n\t\t\t\t\t<\/div>\n\t\t\t\t<\/div>\n\t\t<div class=\"elementor-element elementor-element-fde18a6 e-flex e-con-boxed e-con e-parent\" data-id=\"fde18a6\" data-element_type=\"container\" data-e-type=\"container\">\n\t\t\t\t\t<div class=\"e-con-inner\">\n\t\t\t\t<div class=\"elementor-element elementor-element-e35aa28 elementor-widget elementor-widget-heading\" data-id=\"e35aa28\" data-element_type=\"widget\" data-e-type=\"widget\" data-widget_type=\"heading.default\">\n\t\t\t\t<div class=\"elementor-widget-container\">\n\t\t\t\t\t<h2 class=\"elementor-heading-title elementor-size-default\">Propri\u00e9t\u00e9 intellectuelle<\/h2>\t\t\t\t<\/div>\n\t\t\t\t<\/div>\n\t\t\t\t\t<\/div>\n\t\t\t\t<\/div>\n\t\t<div class=\"elementor-element elementor-element-968f167 e-flex e-con-boxed e-con e-parent\" data-id=\"968f167\" data-element_type=\"container\" data-e-type=\"container\">\n\t\t\t\t\t<div class=\"e-con-inner\">\n\t\t\t\t<div class=\"elementor-element elementor-element-f231f65 elementor-widget elementor-widget-text-editor\" data-id=\"f231f65\" data-element_type=\"widget\" data-e-type=\"widget\" data-widget_type=\"text-editor.default\">\n\t\t\t\t<div class=\"elementor-widget-container\">\n\t\t\t\t\t\t\t\t\t<p>Photographie: Lucas Serrus<\/p>\t\t\t\t\t\t\t\t<\/div>\n\t\t\t\t<\/div>\n\t\t\t\t\t<\/div>\n\t\t\t\t<\/div>\n\t\t\t\t<\/div>\n\t\t","protected":false},"excerpt":{"rendered":"<p>Mentions l\u00e9gales Conform\u00e9ment aux dispositions de la loi n\u00b02004-575 du 21 juin 2004 pour la confiance en l&rsquo;\u00e9conomie num\u00e9rique, il est pr\u00e9cis\u00e9 aux utilisateurs du site l&rsquo;identit\u00e9 des diff\u00e9rents intervenants dans le cadre de sa r\u00e9alisation et son suivi. \u00c9diteur Raison Social: Brice Baul\u00e8sAdresse: 4 bis avenue de la gareT\u00e9l\u00e9phone: 07.49.09.72.40Email: brice.baules@gmail.comSIRET: 91226444700026 H\u00e9bergeur Raison [&hellip;]<\/p>\n","protected":false},"author":1,"featured_media":0,"parent":0,"menu_order":0,"comment_status":"closed","ping_status":"closed","template":"","meta":{"footnotes":""},"class_list":["post-20","page","type-page","status-publish","hentry","entry"],"yoast_head":"<!-- This site is optimized with the Yoast SEO plugin v27.1.1 - https:\/\/yoast.com\/product\/yoast-seo-wordpress\/ -->\n<title>Mentions l\u00e9gales - Brice Baul\u00e8s - Artisan Bijoutier<\/title>\n<meta name=\"robots\" content=\"index, follow, max-snippet:-1, max-image-preview:large, max-video-preview:-1\" \/>\n<link rel=\"canonical\" href=\"https:\/\/www.brice-baules.fr\/index.php\/mentions-legales\/\" \/>\n<meta property=\"og:locale\" content=\"fr_FR\" \/>\n<meta property=\"og:type\" content=\"article\" \/>\n<meta property=\"og:title\" content=\"Mentions l\u00e9gales - Brice Baul\u00e8s - Artisan Bijoutier\" \/>\n<meta property=\"og:description\" content=\"Mentions l\u00e9gales Conform\u00e9ment aux dispositions de la loi n\u00b02004-575 du 21 juin 2004 pour la confiance en l&rsquo;\u00e9conomie num\u00e9rique, il est pr\u00e9cis\u00e9 aux utilisateurs du site l&rsquo;identit\u00e9 des diff\u00e9rents intervenants dans le cadre de sa r\u00e9alisation et son suivi. \u00c9diteur Raison Social: Brice Baul\u00e8sAdresse: 4 bis avenue de la gareT\u00e9l\u00e9phone: 07.49.09.72.40Email: brice.baules@gmail.comSIRET: 91226444700026 H\u00e9bergeur Raison [&hellip;]\" \/>\n<meta property=\"og:url\" content=\"https:\/\/www.brice-baules.fr\/index.php\/mentions-legales\/\" \/>\n<meta property=\"og:site_name\" content=\"Brice Baul\u00e8s - Artisan Bijoutier\" \/>\n<meta property=\"article:publisher\" content=\"https:\/\/www.facebook.com\/p\/Brice-Bauls-BijoutierJoaillier-100082901226575\/\" \/>\n<meta property=\"article:modified_time\" content=\"2026-03-18T15:39:26+00:00\" \/>\n<meta name=\"twitter:card\" content=\"summary_large_image\" \/>\n<meta name=\"twitter:label1\" content=\"Dur\u00e9e de lecture estim\u00e9e\" \/>\n\t<meta name=\"twitter:data1\" content=\"1 minute\" \/>\n<script type=\"application\/ld+json\" class=\"yoast-schema-graph\">{\"@context\":\"https:\/\/schema.org\",\"@graph\":[{\"@type\":\"WebPage\",\"@id\":\"https:\/\/www.brice-baules.fr\/index.php\/mentions-legales\/\",\"url\":\"https:\/\/www.brice-baules.fr\/index.php\/mentions-legales\/\",\"name\":\"Mentions l\u00e9gales - Brice Baul\u00e8s - Artisan Bijoutier\",\"isPartOf\":{\"@id\":\"https:\/\/www.brice-baules.fr\/#website\"},\"datePublished\":\"2025-02-04T16:48:10+00:00\",\"dateModified\":\"2026-03-18T15:39:26+00:00\",\"breadcrumb\":{\"@id\":\"https:\/\/www.brice-baules.fr\/index.php\/mentions-legales\/#breadcrumb\"},\"inLanguage\":\"fr-FR\",\"potentialAction\":[{\"@type\":\"ReadAction\",\"target\":[\"https:\/\/www.brice-baules.fr\/index.php\/mentions-legales\/\"]}]},{\"@type\":\"BreadcrumbList\",\"@id\":\"https:\/\/www.brice-baules.fr\/index.php\/mentions-legales\/#breadcrumb\",\"itemListElement\":[{\"@type\":\"ListItem\",\"position\":1,\"name\":\"Accueil\",\"item\":\"https:\/\/www.brice-baules.fr\/\"},{\"@type\":\"ListItem\",\"position\":2,\"name\":\"Mentions l\u00e9gales\"}]},{\"@type\":\"WebSite\",\"@id\":\"https:\/\/www.brice-baules.fr\/#website\",\"url\":\"https:\/\/www.brice-baules.fr\/\",\"name\":\"Brice Baul\u00e8s - Artisan Bijoutier\",\"description\":\"\",\"publisher\":{\"@id\":\"https:\/\/www.brice-baules.fr\/#organization\"},\"potentialAction\":[{\"@type\":\"SearchAction\",\"target\":{\"@type\":\"EntryPoint\",\"urlTemplate\":\"https:\/\/www.brice-baules.fr\/?s={search_term_string}\"},\"query-input\":{\"@type\":\"PropertyValueSpecification\",\"valueRequired\":true,\"valueName\":\"search_term_string\"}}],\"inLanguage\":\"fr-FR\"},{\"@type\":\"Organization\",\"@id\":\"https:\/\/www.brice-baules.fr\/#organization\",\"name\":\"Brice Baul\u00e8s - Artisan Bijoutier\",\"url\":\"https:\/\/www.brice-baules.fr\/\",\"logo\":{\"@type\":\"ImageObject\",\"inLanguage\":\"fr-FR\",\"@id\":\"https:\/\/www.brice-baules.fr\/#\/schema\/logo\/image\/\",\"url\":\"https:\/\/www.brice-baules.fr\/wp-content\/uploads\/2025\/02\/logo.png\",\"contentUrl\":\"https:\/\/www.brice-baules.fr\/wp-content\/uploads\/2025\/02\/logo.png\",\"width\":1617,\"height\":1609,\"caption\":\"Brice Baul\u00e8s - Artisan Bijoutier\"},\"image\":{\"@id\":\"https:\/\/www.brice-baules.fr\/#\/schema\/logo\/image\/\"},\"sameAs\":[\"https:\/\/www.facebook.com\/p\/Brice-Bauls-BijoutierJoaillier-100082901226575\/\",\"https:\/\/www.instagram.com\/brice_baules_bijoutier\/\"]}]}<\/script>\n<!-- \/ Yoast SEO plugin. -->","yoast_head_json":{"title":"Mentions l\u00e9gales - Brice Baul\u00e8s - Artisan Bijoutier","robots":{"index":"index","follow":"follow","max-snippet":"max-snippet:-1","max-image-preview":"max-image-preview:large","max-video-preview":"max-video-preview:-1"},"canonical":"https:\/\/www.brice-baules.fr\/index.php\/mentions-legales\/","og_locale":"fr_FR","og_type":"article","og_title":"Mentions l\u00e9gales - Brice Baul\u00e8s - Artisan Bijoutier","og_description":"Mentions l\u00e9gales Conform\u00e9ment aux dispositions de la loi n\u00b02004-575 du 21 juin 2004 pour la confiance en l&rsquo;\u00e9conomie num\u00e9rique, il est pr\u00e9cis\u00e9 aux utilisateurs du site l&rsquo;identit\u00e9 des diff\u00e9rents intervenants dans le cadre de sa r\u00e9alisation et son suivi. \u00c9diteur Raison Social: Brice Baul\u00e8sAdresse: 4 bis avenue de la gareT\u00e9l\u00e9phone: 07.49.09.72.40Email: brice.baules@gmail.comSIRET: 91226444700026 H\u00e9bergeur Raison [&hellip;]","og_url":"https:\/\/www.brice-baules.fr\/index.php\/mentions-legales\/","og_site_name":"Brice Baul\u00e8s - Artisan Bijoutier","article_publisher":"https:\/\/www.facebook.com\/p\/Brice-Bauls-BijoutierJoaillier-100082901226575\/","article_modified_time":"2026-03-18T15:39:26+00:00","twitter_card":"summary_large_image","twitter_misc":{"Dur\u00e9e de lecture estim\u00e9e":"1 minute"},"schema":{"@context":"https:\/\/schema.org","@graph":[{"@type":"WebPage","@id":"https:\/\/www.brice-baules.fr\/index.php\/mentions-legales\/","url":"https:\/\/www.brice-baules.fr\/index.php\/mentions-legales\/","name":"Mentions l\u00e9gales - Brice Baul\u00e8s - Artisan Bijoutier","isPartOf":{"@id":"https:\/\/www.brice-baules.fr\/#website"},"datePublished":"2025-02-04T16:48:10+00:00","dateModified":"2026-03-18T15:39:26+00:00","breadcrumb":{"@id":"https:\/\/www.brice-baules.fr\/index.php\/mentions-legales\/#breadcrumb"},"inLanguage":"fr-FR","potentialAction":[{"@type":"ReadAction","target":["https:\/\/www.brice-baules.fr\/index.php\/mentions-legales\/"]}]},{"@type":"BreadcrumbList","@id":"https:\/\/www.brice-baules.fr\/index.php\/mentions-legales\/#breadcrumb","itemListElement":[{"@type":"ListItem","position":1,"name":"Accueil","item":"https:\/\/www.brice-baules.fr\/"},{"@type":"ListItem","position":2,"name":"Mentions l\u00e9gales"}]},{"@type":"WebSite","@id":"https:\/\/www.brice-baules.fr\/#website","url":"https:\/\/www.brice-baules.fr\/","name":"Brice Baul\u00e8s - Artisan Bijoutier","description":"","publisher":{"@id":"https:\/\/www.brice-baules.fr\/#organization"},"potentialAction":[{"@type":"SearchAction","target":{"@type":"EntryPoint","urlTemplate":"https:\/\/www.brice-baules.fr\/?s={search_term_string}"},"query-input":{"@type":"PropertyValueSpecification","valueRequired":true,"valueName":"search_term_string"}}],"inLanguage":"fr-FR"},{"@type":"Organization","@id":"https:\/\/www.brice-baules.fr\/#organization","name":"Brice Baul\u00e8s - Artisan Bijoutier","url":"https:\/\/www.brice-baules.fr\/","logo":{"@type":"ImageObject","inLanguage":"fr-FR","@id":"https:\/\/www.brice-baules.fr\/#\/schema\/logo\/image\/","url":"https:\/\/www.brice-baules.fr\/wp-content\/uploads\/2025\/02\/logo.png","contentUrl":"https:\/\/www.brice-baules.fr\/wp-content\/uploads\/2025\/02\/logo.png","width":1617,"height":1609,"caption":"Brice Baul\u00e8s - Artisan Bijoutier"},"image":{"@id":"https:\/\/www.brice-baules.fr\/#\/schema\/logo\/image\/"},"sameAs":["https:\/\/www.facebook.com\/p\/Brice-Bauls-BijoutierJoaillier-100082901226575\/","https:\/\/www.instagram.com\/brice_baules_bijoutier\/"]}]}},"_links":{"self":[{"href":"https:\/\/www.brice-baules.fr\/index.php\/wp-json\/wp\/v2\/pages\/20","targetHints":{"allow":["GET"]}}],"collection":[{"href":"https:\/\/www.brice-baules.fr\/index.php\/wp-json\/wp\/v2\/pages"}],"about":[{"href":"https:\/\/www.brice-baules.fr\/index.php\/wp-json\/wp\/v2\/types\/page"}],"author":[{"embeddable":true,"href":"https:\/\/www.brice-baules.fr\/index.php\/wp-json\/wp\/v2\/users\/1"}],"replies":[{"embeddable":true,"href":"https:\/\/www.brice-baules.fr\/index.php\/wp-json\/wp\/v2\/comments?post=20"}],"version-history":[{"count":10,"href":"https:\/\/www.brice-baules.fr\/index.php\/wp-json\/wp\/v2\/pages\/20\/revisions"}],"predecessor-version":[{"id":573,"href":"https:\/\/www.brice-baules.fr\/index.php\/wp-json\/wp\/v2\/pages\/20\/revisions\/573"}],"wp:attachment":[{"href":"https:\/\/www.brice-baules.fr\/index.php\/wp-json\/wp\/v2\/media?parent=20"}],"curies":[{"name":"wp","href":"https:\/\/api.w.org\/{rel}","templated":true}]}}