{"id":18,"date":"2025-02-04T17:47:06","date_gmt":"2025-02-04T16:47:06","guid":{"rendered":"http:\/\/localhost\/brice\/?page_id=18"},"modified":"2026-03-13T17:52:41","modified_gmt":"2026-03-13T16:52:41","slug":"a-propos","status":"publish","type":"page","link":"https:\/\/www.brice-baules.fr\/index.php\/a-propos\/","title":{"rendered":"\u00c0 propos"},"content":{"rendered":"\t\t<div data-elementor-type=\"wp-page\" data-elementor-id=\"18\" class=\"elementor elementor-18\">\n\t\t\t\t<div class=\"elementor-element elementor-element-0c4e095 e-flex e-con-boxed e-con e-parent\" data-id=\"0c4e095\" data-element_type=\"container\" data-e-type=\"container\">\n\t\t\t\t\t<div class=\"e-con-inner\">\n\t\t\t\t<div class=\"elementor-element elementor-element-13bdb77 elementor-widget elementor-widget-heading\" data-id=\"13bdb77\" data-element_type=\"widget\" data-e-type=\"widget\" data-widget_type=\"heading.default\">\n\t\t\t\t<div class=\"elementor-widget-container\">\n\t\t\t\t\t<h2 class=\"elementor-heading-title elementor-size-default\">Ajoutez votre titre ici<\/h2>\t\t\t\t<\/div>\n\t\t\t\t<\/div>\n\t\t\t\t\t<\/div>\n\t\t\t\t<\/div>\n\t\t<div class=\"elementor-element elementor-element-5417ca0 e-flex e-con-boxed e-con e-parent\" data-id=\"5417ca0\" data-element_type=\"container\" data-e-type=\"container\">\n\t\t\t\t\t<div class=\"e-con-inner\">\n\t\t\t\t<div class=\"elementor-element elementor-element-3178489 elementor-widget elementor-widget-heading\" data-id=\"3178489\" data-element_type=\"widget\" data-e-type=\"widget\" data-widget_type=\"heading.default\">\n\t\t\t\t<div class=\"elementor-widget-container\">\n\t\t\t\t\t<h2 class=\"elementor-heading-title elementor-size-default\"> \u00c1 propos<\/h2>\t\t\t\t<\/div>\n\t\t\t\t<\/div>\n\t\t\t\t\t<\/div>\n\t\t\t\t<\/div>\n\t\t<div class=\"elementor-element elementor-element-3675795 e-con-full e-flex e-con e-parent\" data-id=\"3675795\" data-element_type=\"container\" data-e-type=\"container\">\n\t\t<div class=\"elementor-element elementor-element-4d1eff82 e-con-full e-flex e-con e-child\" data-id=\"4d1eff82\" data-element_type=\"container\" data-e-type=\"container\">\n\t\t\t\t<div class=\"elementor-element elementor-element-2a44121 elementor-widget elementor-widget-image\" data-id=\"2a44121\" data-element_type=\"widget\" data-e-type=\"widget\" data-widget_type=\"image.default\">\n\t\t\t\t<div class=\"elementor-widget-container\">\n\t\t\t\t\t\t\t\t\t\t\t\t\t\t\t<img fetchpriority=\"high\" decoding=\"async\" width=\"1707\" height=\"2560\" src=\"https:\/\/www.brice-baules.fr\/wp-content\/uploads\/2026\/03\/IMG_2433-scaled.jpg\" class=\"attachment-full size-full wp-image-494\" alt=\"\" srcset=\"https:\/\/www.brice-baules.fr\/wp-content\/uploads\/2026\/03\/IMG_2433-scaled.jpg 1707w, https:\/\/www.brice-baules.fr\/wp-content\/uploads\/2026\/03\/IMG_2433-200x300.jpg 200w, https:\/\/www.brice-baules.fr\/wp-content\/uploads\/2026\/03\/IMG_2433-683x1024.jpg 683w, https:\/\/www.brice-baules.fr\/wp-content\/uploads\/2026\/03\/IMG_2433-768x1152.jpg 768w, https:\/\/www.brice-baules.fr\/wp-content\/uploads\/2026\/03\/IMG_2433-1024x1536.jpg 1024w, https:\/\/www.brice-baules.fr\/wp-content\/uploads\/2026\/03\/IMG_2433-1365x2048.jpg 1365w\" sizes=\"(max-width: 1707px) 100vw, 1707px\" \/>\t\t\t\t\t\t\t\t\t\t\t\t\t\t\t<\/div>\n\t\t\t\t<\/div>\n\t\t\t\t<\/div>\n\t\t<div class=\"elementor-element elementor-element-53bf8e2e e-con-full e-flex e-con e-child\" data-id=\"53bf8e2e\" data-element_type=\"container\" data-e-type=\"container\">\n\t\t\t\t<div class=\"elementor-element elementor-element-105558b8 elementor-widget elementor-widget-heading\" data-id=\"105558b8\" data-element_type=\"widget\" data-e-type=\"widget\" data-widget_type=\"heading.default\">\n\t\t\t\t<div class=\"elementor-widget-container\">\n\t\t\t\t\t<h1 class=\"elementor-heading-title elementor-size-default\">Portrait<\/h1>\t\t\t\t<\/div>\n\t\t\t\t<\/div>\n\t\t\t\t<div class=\"elementor-element elementor-element-1ac7e79d elementor-widget elementor-widget-text-editor\" data-id=\"1ac7e79d\" data-element_type=\"widget\" data-e-type=\"widget\" data-widget_type=\"text-editor.default\">\n\t\t\t\t<div class=\"elementor-widget-container\">\n\t\t\t\t\t\t\t\t\t<p>Aussi loin que je m&rsquo;en souvienne, j&rsquo;ai toujours aim\u00e9 bricoler, manipuler, cr\u00e9er de mes mains.<\/p><p>Mais ce n&rsquo;est qu&rsquo;\u00e0 mes 25 ans, licence de neurosciences en poche, que je d\u00e9cide de changer de voie. Je m\u2019offre alors une ann\u00e9e pour respirer, le temps de r\u00e9fl\u00e9chir \u00e0 ce vers quoi je souhaite me tourner. Je recommence \u00e0 cr\u00e9er, un peu par instinct. J\u2019ai test\u00e9 plusieurs choses, je cr\u00e9ais des bijoux fantaisie pendant mon temps libre\u2026 Peu \u00e0 peu, la flamme se ravive. Je d\u00e9cide alors de m\u2019autofinancer une formation CAP au GRETA lyc\u00e9e Cl\u00e9ment P\u00e9mille \u00e0 Graulhet, dans la fili\u00e8re Art et Techniques de la Bijouterie et Joaillerie.\u00a0<\/p><p>Fraichement sorti de l\u2019\u00e9cole, je m\u2019envole pour Toulouse et plonge directement dans le grand bain. J&rsquo;int\u00e8gre l\u2019\u00e9quipe de Bijoux Angiie o\u00f9 pendant 3 ans, je g\u00e8re la partie atelier. Une mani\u00e8re de faire mes classes, et d\u2019acqu\u00e9rir toutes les connaissances n\u00e9cessaires au m\u00e9tier.<\/p><p>Aujourd\u2019hui install\u00e9 \u00e0 mon compte dans des ateliers partag\u00e9s \u00e0 Couffouleux, je r\u00e9alise mon r\u00eave d&rsquo;\u00eatre ind\u00e9pendant et de pouvoir laisser cours \u00e0 mon imagination \u00e0 travers mes cr\u00e9ations.<\/p>\t\t\t\t\t\t\t\t<\/div>\n\t\t\t\t<\/div>\n\t\t\t\t<div class=\"elementor-element elementor-element-3f9e5c8f elementor-view-default elementor-position-block-start elementor-mobile-position-block-start elementor-widget elementor-widget-icon-box\" data-id=\"3f9e5c8f\" data-element_type=\"widget\" data-e-type=\"widget\" data-widget_type=\"icon-box.default\">\n\t\t\t\t<div class=\"elementor-widget-container\">\n\t\t\t\t\t\t\t<div class=\"elementor-icon-box-wrapper\">\n\n\t\t\t\t\t\t<div class=\"elementor-icon-box-icon\">\n\t\t\t\t<span  class=\"elementor-icon\">\n\t\t\t\t<svg xmlns=\"http:\/\/www.w3.org\/2000\/svg\" id=\"a57ec174-ff38-4389-b9d2-4eba1269329a\" data-name=\"Layer 1\" width=\"82\" height=\"67\" viewBox=\"0 0 82 67\"><path d=\"M20.3643,32.1382q0-8.7154,3.2583-12.8008Q27.1524,14.98,34.212,14.98V0Q17.3775,0,8.6887,10.0772,0,19.8821,0,37.313A104.1284,104.1284,0,0,0,4.6159,67H36.1126V37.0406H20.3643Z\"><\/path><path d=\"M66.2517,37.0406V32.1382q0-8.7154,3.2583-12.8008Q73.04,14.98,80.0994,14.98V0Q63.265,0,54.5763,10.0772q-8.6888,9.8049-8.6889,27.2358A104.1319,104.1319,0,0,0,50.5033,67H82V37.0406Z\"><\/path><\/svg>\t\t\t\t<\/span>\n\t\t\t<\/div>\n\t\t\t\n\t\t\t\t\t\t<div class=\"elementor-icon-box-content\">\n\n\t\t\t\t\t\t\t\t\t<p class=\"elementor-icon-box-title\">\n\t\t\t\t\t\t<span  >\n\t\t\t\t\t\t\t\u201cRien n'est impossible \u00e0 cr\u00e9er. Il faut juste du temps et de la minutie\u201d\t\t\t\t\t\t<\/span>\n\t\t\t\t\t<\/p>\n\t\t\t\t\n\t\t\t\t\t\t\t\t\t<p class=\"elementor-icon-box-description\">\n\t\t\t\t\t\tBrice Baul\u00e8s\t\t\t\t\t<\/p>\n\t\t\t\t\n\t\t\t<\/div>\n\t\t\t\n\t\t<\/div>\n\t\t\t\t\t\t<\/div>\n\t\t\t\t<\/div>\n\t\t\t\t<\/div>\n\t\t\t\t<\/div>\n\t\t<div class=\"elementor-element elementor-element-3be354e e-flex e-con-boxed e-con e-parent\" data-id=\"3be354e\" data-element_type=\"container\" data-e-type=\"container\">\n\t\t\t\t\t<div class=\"e-con-inner\">\n\t\t\t\t<div class=\"elementor-element elementor-element-d6aa59b elementor-widget elementor-widget-heading\" data-id=\"d6aa59b\" data-element_type=\"widget\" data-e-type=\"widget\" data-widget_type=\"heading.default\">\n\t\t\t\t<div class=\"elementor-widget-container\">\n\t\t\t\t\t<h2 class=\"elementor-heading-title elementor-size-default\">Ajoutez votre titre ici<\/h2>\t\t\t\t<\/div>\n\t\t\t\t<\/div>\n\t\t\t\t\t<\/div>\n\t\t\t\t<\/div>\n\t\t\t\t<\/div>\n\t\t","protected":false},"excerpt":{"rendered":"<p>Ajoutez votre titre ici \u00c1 propos Portrait Aussi loin que je m&rsquo;en souvienne, j&rsquo;ai toujours aim\u00e9 bricoler, manipuler, cr\u00e9er de mes mains. Mais ce n&rsquo;est qu&rsquo;\u00e0 mes 25 ans, licence de neurosciences en poche, que je d\u00e9cide de changer de voie. Je m\u2019offre alors une ann\u00e9e pour respirer, le temps de r\u00e9fl\u00e9chir \u00e0 ce vers [&hellip;]<\/p>\n","protected":false},"author":1,"featured_media":0,"parent":0,"menu_order":0,"comment_status":"closed","ping_status":"closed","template":"elementor_header_footer","meta":{"footnotes":""},"class_list":["post-18","page","type-page","status-publish","hentry","entry"],"yoast_head":"<!-- This site is optimized with the Yoast SEO plugin v27.1.1 - https:\/\/yoast.com\/product\/yoast-seo-wordpress\/ -->\n<title>\u00c0 propos - Brice Baul\u00e8s - Artisan Bijoutier<\/title>\n<meta name=\"robots\" content=\"index, follow, max-snippet:-1, max-image-preview:large, max-video-preview:-1\" \/>\n<link rel=\"canonical\" href=\"https:\/\/www.brice-baules.fr\/index.php\/a-propos\/\" \/>\n<meta property=\"og:locale\" content=\"fr_FR\" \/>\n<meta property=\"og:type\" content=\"article\" \/>\n<meta property=\"og:title\" content=\"\u00c0 propos - Brice Baul\u00e8s - Artisan Bijoutier\" \/>\n<meta property=\"og:description\" content=\"Ajoutez votre titre ici \u00c1 propos Portrait Aussi loin que je m&rsquo;en souvienne, j&rsquo;ai toujours aim\u00e9 bricoler, manipuler, cr\u00e9er de mes mains. Mais ce n&rsquo;est qu&rsquo;\u00e0 mes 25 ans, licence de neurosciences en poche, que je d\u00e9cide de changer de voie. Je m\u2019offre alors une ann\u00e9e pour respirer, le temps de r\u00e9fl\u00e9chir \u00e0 ce vers [&hellip;]\" \/>\n<meta property=\"og:url\" content=\"https:\/\/www.brice-baules.fr\/index.php\/a-propos\/\" \/>\n<meta property=\"og:site_name\" content=\"Brice Baul\u00e8s - Artisan Bijoutier\" \/>\n<meta property=\"article:publisher\" content=\"https:\/\/www.facebook.com\/p\/Brice-Bauls-BijoutierJoaillier-100082901226575\/\" \/>\n<meta property=\"article:modified_time\" content=\"2026-03-13T16:52:41+00:00\" \/>\n<meta property=\"og:image\" content=\"https:\/\/www.brice-baules.fr\/wp-content\/uploads\/2026\/03\/IMG_2433-scaled.jpg\" \/>\n\t<meta property=\"og:image:width\" content=\"1707\" \/>\n\t<meta property=\"og:image:height\" content=\"2560\" \/>\n\t<meta property=\"og:image:type\" content=\"image\/jpeg\" \/>\n<meta name=\"twitter:card\" content=\"summary_large_image\" \/>\n<meta name=\"twitter:label1\" content=\"Dur\u00e9e de lecture estim\u00e9e\" \/>\n\t<meta name=\"twitter:data1\" content=\"2 minutes\" \/>\n<script type=\"application\/ld+json\" class=\"yoast-schema-graph\">{\"@context\":\"https:\/\/schema.org\",\"@graph\":[{\"@type\":\"WebPage\",\"@id\":\"https:\/\/www.brice-baules.fr\/index.php\/a-propos\/\",\"url\":\"https:\/\/www.brice-baules.fr\/index.php\/a-propos\/\",\"name\":\"\u00c0 propos - Brice Baul\u00e8s - Artisan Bijoutier\",\"isPartOf\":{\"@id\":\"https:\/\/www.brice-baules.fr\/#website\"},\"primaryImageOfPage\":{\"@id\":\"https:\/\/www.brice-baules.fr\/index.php\/a-propos\/#primaryimage\"},\"image\":{\"@id\":\"https:\/\/www.brice-baules.fr\/index.php\/a-propos\/#primaryimage\"},\"thumbnailUrl\":\"https:\/\/www.brice-baules.fr\/wp-content\/uploads\/2026\/03\/IMG_2433-scaled.jpg\",\"datePublished\":\"2025-02-04T16:47:06+00:00\",\"dateModified\":\"2026-03-13T16:52:41+00:00\",\"breadcrumb\":{\"@id\":\"https:\/\/www.brice-baules.fr\/index.php\/a-propos\/#breadcrumb\"},\"inLanguage\":\"fr-FR\",\"potentialAction\":[{\"@type\":\"ReadAction\",\"target\":[\"https:\/\/www.brice-baules.fr\/index.php\/a-propos\/\"]}]},{\"@type\":\"ImageObject\",\"inLanguage\":\"fr-FR\",\"@id\":\"https:\/\/www.brice-baules.fr\/index.php\/a-propos\/#primaryimage\",\"url\":\"https:\/\/www.brice-baules.fr\/wp-content\/uploads\/2026\/03\/IMG_2433-scaled.jpg\",\"contentUrl\":\"https:\/\/www.brice-baules.fr\/wp-content\/uploads\/2026\/03\/IMG_2433-scaled.jpg\",\"width\":1707,\"height\":2560},{\"@type\":\"BreadcrumbList\",\"@id\":\"https:\/\/www.brice-baules.fr\/index.php\/a-propos\/#breadcrumb\",\"itemListElement\":[{\"@type\":\"ListItem\",\"position\":1,\"name\":\"Accueil\",\"item\":\"https:\/\/www.brice-baules.fr\/\"},{\"@type\":\"ListItem\",\"position\":2,\"name\":\"\u00c0 propos\"}]},{\"@type\":\"WebSite\",\"@id\":\"https:\/\/www.brice-baules.fr\/#website\",\"url\":\"https:\/\/www.brice-baules.fr\/\",\"name\":\"Brice Baul\u00e8s - Artisan Bijoutier\",\"description\":\"\",\"publisher\":{\"@id\":\"https:\/\/www.brice-baules.fr\/#organization\"},\"potentialAction\":[{\"@type\":\"SearchAction\",\"target\":{\"@type\":\"EntryPoint\",\"urlTemplate\":\"https:\/\/www.brice-baules.fr\/?s={search_term_string}\"},\"query-input\":{\"@type\":\"PropertyValueSpecification\",\"valueRequired\":true,\"valueName\":\"search_term_string\"}}],\"inLanguage\":\"fr-FR\"},{\"@type\":\"Organization\",\"@id\":\"https:\/\/www.brice-baules.fr\/#organization\",\"name\":\"Brice Baul\u00e8s - Artisan Bijoutier\",\"url\":\"https:\/\/www.brice-baules.fr\/\",\"logo\":{\"@type\":\"ImageObject\",\"inLanguage\":\"fr-FR\",\"@id\":\"https:\/\/www.brice-baules.fr\/#\/schema\/logo\/image\/\",\"url\":\"https:\/\/www.brice-baules.fr\/wp-content\/uploads\/2025\/02\/logo.png\",\"contentUrl\":\"https:\/\/www.brice-baules.fr\/wp-content\/uploads\/2025\/02\/logo.png\",\"width\":1617,\"height\":1609,\"caption\":\"Brice Baul\u00e8s - Artisan Bijoutier\"},\"image\":{\"@id\":\"https:\/\/www.brice-baules.fr\/#\/schema\/logo\/image\/\"},\"sameAs\":[\"https:\/\/www.facebook.com\/p\/Brice-Bauls-BijoutierJoaillier-100082901226575\/\",\"https:\/\/www.instagram.com\/brice_baules_bijoutier\/\"]}]}<\/script>\n<!-- \/ Yoast SEO plugin. -->","yoast_head_json":{"title":"\u00c0 propos - Brice Baul\u00e8s - Artisan Bijoutier","robots":{"index":"index","follow":"follow","max-snippet":"max-snippet:-1","max-image-preview":"max-image-preview:large","max-video-preview":"max-video-preview:-1"},"canonical":"https:\/\/www.brice-baules.fr\/index.php\/a-propos\/","og_locale":"fr_FR","og_type":"article","og_title":"\u00c0 propos - Brice Baul\u00e8s - Artisan Bijoutier","og_description":"Ajoutez votre titre ici \u00c1 propos Portrait Aussi loin que je m&rsquo;en souvienne, j&rsquo;ai toujours aim\u00e9 bricoler, manipuler, cr\u00e9er de mes mains. Mais ce n&rsquo;est qu&rsquo;\u00e0 mes 25 ans, licence de neurosciences en poche, que je d\u00e9cide de changer de voie. Je m\u2019offre alors une ann\u00e9e pour respirer, le temps de r\u00e9fl\u00e9chir \u00e0 ce vers [&hellip;]","og_url":"https:\/\/www.brice-baules.fr\/index.php\/a-propos\/","og_site_name":"Brice Baul\u00e8s - Artisan Bijoutier","article_publisher":"https:\/\/www.facebook.com\/p\/Brice-Bauls-BijoutierJoaillier-100082901226575\/","article_modified_time":"2026-03-13T16:52:41+00:00","og_image":[{"width":1707,"height":2560,"url":"https:\/\/www.brice-baules.fr\/wp-content\/uploads\/2026\/03\/IMG_2433-scaled.jpg","type":"image\/jpeg"}],"twitter_card":"summary_large_image","twitter_misc":{"Dur\u00e9e de lecture estim\u00e9e":"2 minutes"},"schema":{"@context":"https:\/\/schema.org","@graph":[{"@type":"WebPage","@id":"https:\/\/www.brice-baules.fr\/index.php\/a-propos\/","url":"https:\/\/www.brice-baules.fr\/index.php\/a-propos\/","name":"\u00c0 propos - Brice Baul\u00e8s - Artisan Bijoutier","isPartOf":{"@id":"https:\/\/www.brice-baules.fr\/#website"},"primaryImageOfPage":{"@id":"https:\/\/www.brice-baules.fr\/index.php\/a-propos\/#primaryimage"},"image":{"@id":"https:\/\/www.brice-baules.fr\/index.php\/a-propos\/#primaryimage"},"thumbnailUrl":"https:\/\/www.brice-baules.fr\/wp-content\/uploads\/2026\/03\/IMG_2433-scaled.jpg","datePublished":"2025-02-04T16:47:06+00:00","dateModified":"2026-03-13T16:52:41+00:00","breadcrumb":{"@id":"https:\/\/www.brice-baules.fr\/index.php\/a-propos\/#breadcrumb"},"inLanguage":"fr-FR","potentialAction":[{"@type":"ReadAction","target":["https:\/\/www.brice-baules.fr\/index.php\/a-propos\/"]}]},{"@type":"ImageObject","inLanguage":"fr-FR","@id":"https:\/\/www.brice-baules.fr\/index.php\/a-propos\/#primaryimage","url":"https:\/\/www.brice-baules.fr\/wp-content\/uploads\/2026\/03\/IMG_2433-scaled.jpg","contentUrl":"https:\/\/www.brice-baules.fr\/wp-content\/uploads\/2026\/03\/IMG_2433-scaled.jpg","width":1707,"height":2560},{"@type":"BreadcrumbList","@id":"https:\/\/www.brice-baules.fr\/index.php\/a-propos\/#breadcrumb","itemListElement":[{"@type":"ListItem","position":1,"name":"Accueil","item":"https:\/\/www.brice-baules.fr\/"},{"@type":"ListItem","position":2,"name":"\u00c0 propos"}]},{"@type":"WebSite","@id":"https:\/\/www.brice-baules.fr\/#website","url":"https:\/\/www.brice-baules.fr\/","name":"Brice Baul\u00e8s - Artisan Bijoutier","description":"","publisher":{"@id":"https:\/\/www.brice-baules.fr\/#organization"},"potentialAction":[{"@type":"SearchAction","target":{"@type":"EntryPoint","urlTemplate":"https:\/\/www.brice-baules.fr\/?s={search_term_string}"},"query-input":{"@type":"PropertyValueSpecification","valueRequired":true,"valueName":"search_term_string"}}],"inLanguage":"fr-FR"},{"@type":"Organization","@id":"https:\/\/www.brice-baules.fr\/#organization","name":"Brice Baul\u00e8s - Artisan Bijoutier","url":"https:\/\/www.brice-baules.fr\/","logo":{"@type":"ImageObject","inLanguage":"fr-FR","@id":"https:\/\/www.brice-baules.fr\/#\/schema\/logo\/image\/","url":"https:\/\/www.brice-baules.fr\/wp-content\/uploads\/2025\/02\/logo.png","contentUrl":"https:\/\/www.brice-baules.fr\/wp-content\/uploads\/2025\/02\/logo.png","width":1617,"height":1609,"caption":"Brice Baul\u00e8s - Artisan Bijoutier"},"image":{"@id":"https:\/\/www.brice-baules.fr\/#\/schema\/logo\/image\/"},"sameAs":["https:\/\/www.facebook.com\/p\/Brice-Bauls-BijoutierJoaillier-100082901226575\/","https:\/\/www.instagram.com\/brice_baules_bijoutier\/"]}]}},"_links":{"self":[{"href":"https:\/\/www.brice-baules.fr\/index.php\/wp-json\/wp\/v2\/pages\/18","targetHints":{"allow":["GET"]}}],"collection":[{"href":"https:\/\/www.brice-baules.fr\/index.php\/wp-json\/wp\/v2\/pages"}],"about":[{"href":"https:\/\/www.brice-baules.fr\/index.php\/wp-json\/wp\/v2\/types\/page"}],"author":[{"embeddable":true,"href":"https:\/\/www.brice-baules.fr\/index.php\/wp-json\/wp\/v2\/users\/1"}],"replies":[{"embeddable":true,"href":"https:\/\/www.brice-baules.fr\/index.php\/wp-json\/wp\/v2\/comments?post=18"}],"version-history":[{"count":19,"href":"https:\/\/www.brice-baules.fr\/index.php\/wp-json\/wp\/v2\/pages\/18\/revisions"}],"predecessor-version":[{"id":501,"href":"https:\/\/www.brice-baules.fr\/index.php\/wp-json\/wp\/v2\/pages\/18\/revisions\/501"}],"wp:attachment":[{"href":"https:\/\/www.brice-baules.fr\/index.php\/wp-json\/wp\/v2\/media?parent=18"}],"curies":[{"name":"wp","href":"https:\/\/api.w.org\/{rel}","templated":true}]}}